{"id":1229,"date":"2022-07-10T18:24:19","date_gmt":"2022-07-10T18:24:19","guid":{"rendered":"https:\/\/inmography.com\/?page_id=1229"},"modified":"2022-07-10T23:19:27","modified_gmt":"2022-07-10T23:19:27","slug":"rvgal","status":"publish","type":"page","link":"https:\/\/inmography.com\/?page_id=1229","title":{"rendered":"Recorrido Virtual Galeria"},"content":{"rendered":"\n<section id=\"section-00a5b304-908e-4bca-a8e1-010964ced184\" class=\"wp-block-gutentor-content-box gutentor-section gutentor-content-box-wrapper content-template2\"><div class=\"grid-container\"><div class=\"gutentor-block-header\"><div class=\"gutentor-section-title text-center\"><h2 class=\"gutentor-title\">RECORRIDOS VIRTUALES<\/h2><\/div><\/div><div class=\"grid-row gutentor-grid-item-wrap\"><div class=\"gutentor-grid-column grid-lg-12 grid-md-12 grid-12\"><div class=\"gutentor-single-item gutentor-single-item-0\"><div class=\"gutentor-single-item-wrap\"><div class=\"gutentor-single-item-content\"><h3 class=\"gutentor-single-item-title\">GALER\u00cdA<\/h3><p class=\"gutentor-single-item-desc\">Los recorridos o tours virtuales son una representaci\u00f3n digital en 3d, creada a partir de la elaboraci\u00f3n de diversas tomas que, mediante procesamiento digital, se logra obtener un fiel redimensionamiento del inmueble o espacio de que se trate.<br>En materia inmobiliaria, son una tendencia a nivel mundial y se consideran como un b\u00e1sico indispensable. Ya seas una inmobiliaria o agente inmobiliario, hotel, SPA, restaurante, bar, etc, tener un recorrido virtual de tus instalaciones es de gran ayuda.<br>El 90% de las compras y reservas comienzan en internet. Es decir, cuando un cliente llega a ti es porque ya realiz\u00f3 una b\u00fasqueda en internet y descart\u00f3 muchas opciones, si tu tienes un recorrido virtual de tu hotel, Airbnb o casa que intermedias en venta, el cliente que llega ya lo tom\u00f3 en consideraci\u00f3n y est\u00e1 listo para cerrar.<\/p><\/div><\/div><\/div><\/div><\/div><\/div><\/section>\n\n\n\n<p><\/p>\n\n\n\n<section id=\"gallery-module1\" class=\"wp-block-gutentor-m10 section-gmd7e8f3c gutentor-module g-gm-module\"><div class=\"grid-container gutentor-rm-ct-space\"><div class=\"grid-row g-gm-item-wrap\">\n<div id=\"col-gmfd602b\" class=\"wp-block-gutentor-m10-col col-gmfd602b gutentor-module g-gm-col grid-lg-4 grid-md-4 grid-12\"><div id=\"section-gmfd602b\" class=\"section-gmfd602b gutentor-single-col\">\n<div id=\"section-g4551ca\" class=\"wp-block-gutentor-e6 section-g4551ca gutentor-element gutentor-element-image\"><div class=\"gutentor-element-image-box\"><div class=\"gutentor-image-thumb\"><img decoding=\"async\" class=\"normal-image\" src=\"http:\/\/inmography.com\/wp-content\/uploads\/2022\/07\/FOTO-4-of-47.jpg\" alt=\"Fotograf\u00eda inmobiliaria fot\u00f3grafo inmuebles Quer\u00e9taro recorrido tour virtual Quer\u00e9taro\" srcset=\"http:\/\/inmography.com\/wp-content\/uploads\/2022\/07\/FOTO-4-of-47.jpg 2x\"\/><\/div><\/div><\/div>\n\n\n\n<div id=\"section-g920499\" class=\"wp-block-gutentor-e2 section-g920499 gutentor-element gutentor-element-button button-align-center-desktop\"><span class=\"gutentor-button-wrap\"><a class=\"gutentor-button gutentor-block-button gutentor-icon-hide\" href=\"https:\/\/bit.ly\/3OUjrqO\" target=\"_blank\" rel=\"noopener noreferrer\"><i class=\"gutentor-button-icon fas fa-book\"><\/i><span><strong>Ver Recorrido Virtual<\/strong><\/span><\/a><\/span><\/div>\n<\/div><\/div>\n\n\n\n<div id=\"col-gm642d52\" class=\"wp-block-gutentor-m10-col col-gm642d52 gutentor-module g-gm-col grid-lg-4 grid-md-4 grid-12\"><div id=\"section-gm642d52\" class=\"section-gm642d52 gutentor-single-col\">\n<div id=\"section-g52d698\" class=\"wp-block-gutentor-e6 section-g52d698 gutentor-element gutentor-element-image\"><div class=\"gutentor-element-image-box\"><div class=\"gutentor-image-thumb\"><img decoding=\"async\" class=\"normal-image\" src=\"http:\/\/inmography.com\/wp-content\/uploads\/2022\/07\/MIRO-66A-37-of-37.jpg\" alt=\"Fotograf\u00eda inmobiliaria fot\u00f3grafo inmuebles Quer\u00e9taro recorrido tour virtual Quer\u00e9taro\" srcset=\"http:\/\/inmography.com\/wp-content\/uploads\/2022\/07\/MIRO-66A-37-of-37.jpg 2x\"\/><\/div><\/div><\/div>\n\n\n\n<div id=\"section-gaa5cea\" class=\"wp-block-gutentor-e2 section-gaa5cea gutentor-element gutentor-element-button button-align-center-desktop\"><span class=\"gutentor-button-wrap\"><a class=\"gutentor-button gutentor-block-button gutentor-icon-hide\" href=\"https:\/\/bit.ly\/3bLglXM\" target=\"_blank\" rel=\"noopener noreferrer\"><i class=\"gutentor-button-icon fas fa-book\"><\/i><span><strong>Ver Recorrido Virtual<\/strong><\/span><\/a><\/span><\/div>\n<\/div><\/div>\n\n\n\n<div id=\"col-gm3430a1\" class=\"wp-block-gutentor-m10-col col-gm3430a1 gutentor-module g-gm-col grid-lg-4 grid-md-4 grid-12\"><div id=\"section-gm3430a1\" class=\"section-gm3430a1 gutentor-single-col\">\n<div id=\"section-g764f8a\" class=\"wp-block-gutentor-e6 section-g764f8a gutentor-element gutentor-element-image\"><div class=\"gutentor-element-image-box\"><div class=\"gutentor-image-thumb\"><img decoding=\"async\" class=\"normal-image\" src=\"http:\/\/inmography.com\/wp-content\/uploads\/2022\/07\/FOTO-54-of-54.jpg\" alt=\"Fotograf\u00eda inmobiliaria fot\u00f3grafo inmuebles Quer\u00e9taro recorrido tour virtual Quer\u00e9taro\" srcset=\"http:\/\/inmography.com\/wp-content\/uploads\/2022\/07\/FOTO-54-of-54.jpg 2x\"\/><\/div><\/div><\/div>\n\n\n\n<div id=\"section-g983896\" class=\"wp-block-gutentor-e2 section-g983896 gutentor-element gutentor-element-button button-align-center-desktop\"><span class=\"gutentor-button-wrap\"><a class=\"gutentor-button gutentor-block-button gutentor-icon-hide\" href=\"https:\/\/bit.ly\/3NGg3yX\" target=\"_blank\" rel=\"noopener noreferrer\"><i class=\"gutentor-button-icon fas fa-book\"><\/i><span><strong>Ver Recorrido Virtual<\/strong><\/span><\/a><\/span><\/div>\n<\/div><\/div>\n\n\n\n<div id=\"col-gm3b90a0\" class=\"wp-block-gutentor-m10-col col-gm3b90a0 gutentor-module g-gm-col grid-lg-4 grid-md-4 grid-12\"><div id=\"section-gm3b90a0\" class=\"section-gm3b90a0 gutentor-single-col\">\n<div id=\"section-g48cb4c\" class=\"wp-block-gutentor-e6 section-g48cb4c gutentor-element gutentor-element-image\"><div class=\"gutentor-element-image-box\"><div class=\"gutentor-image-thumb\"><img decoding=\"async\" class=\"normal-image\" src=\"http:\/\/inmography.com\/wp-content\/uploads\/2022\/07\/TERRA-HOUSE-10-of-36.jpg\" alt=\"Fotograf\u00eda inmobiliaria fot\u00f3grafo inmuebles Quer\u00e9taro recorrido tour virtual Quer\u00e9taro\" srcset=\"http:\/\/inmography.com\/wp-content\/uploads\/2022\/07\/TERRA-HOUSE-10-of-36.jpg 2x\"\/><\/div><\/div><\/div>\n\n\n\n<div id=\"section-g2faeb6\" class=\"wp-block-gutentor-e2 section-g2faeb6 gutentor-element gutentor-element-button button-align-center-desktop\"><span class=\"gutentor-button-wrap\"><a class=\"gutentor-button gutentor-block-button gutentor-icon-hide\" href=\"https:\/\/bit.ly\/3NHVsdy\" target=\"_blank\" rel=\"noopener noreferrer\"><i class=\"gutentor-button-icon fas fa-book\"><\/i><span><strong>Ver Recorrido Virtual<\/strong><\/span><\/a><\/span><\/div>\n<\/div><\/div>\n\n\n\n<div id=\"col-gm7baf50\" class=\"wp-block-gutentor-m10-col col-gm7baf50 gutentor-module g-gm-col grid-lg-4 grid-md-4 grid-12\"><div id=\"section-gm7baf50\" class=\"section-gm7baf50 gutentor-single-col\">\n<div id=\"section-g96a913\" class=\"wp-block-gutentor-e6 section-g96a913 gutentor-element gutentor-element-image\"><div class=\"gutentor-element-image-box\"><div class=\"gutentor-image-thumb\"><img decoding=\"async\" class=\"normal-image\" src=\"http:\/\/inmography.com\/wp-content\/uploads\/2022\/07\/FOTO-6-of-23.jpg\" alt=\"Fotograf\u00eda inmobiliaria fot\u00f3grafo inmuebles Quer\u00e9taro recorrido tour virtual Quer\u00e9taro\" srcset=\"http:\/\/inmography.com\/wp-content\/uploads\/2022\/07\/FOTO-6-of-23.jpg 2x\"\/><\/div><\/div><\/div>\n\n\n\n<div id=\"section-ge7c30c\" class=\"wp-block-gutentor-e2 section-ge7c30c gutentor-element gutentor-element-button button-align-center-desktop\"><span class=\"gutentor-button-wrap\"><a class=\"gutentor-button gutentor-block-button gutentor-icon-hide\" href=\"https:\/\/inmography.viewin360.co\/share\/collection\/7vYR8?logo=bWVkaWEvMjkzOTcwLzYyYjAtZDQzNy0xN2ZjLTYxOTYucG5n&amp;card=1&amp;info=0&amp;logosize=200&amp;fs=1&amp;vr=0&amp;zoom=1&amp;gyro=0&amp;initload=0&amp;thumbs=2&amp;margin=23&amp;alpha=0.88&amp;inst=0&amp;keys=0\" target=\"_blank\" rel=\"noopener noreferrer\"><i class=\"gutentor-button-icon fas fa-book\"><\/i><span><strong>Ver Recorrido Virtual<\/strong><\/span><\/a><\/span><\/div>\n<\/div><\/div>\n\n\n\n<div id=\"col-gma389c9\" class=\"wp-block-gutentor-m10-col col-gma389c9 gutentor-module g-gm-col grid-lg-4 grid-md-4 grid-12\"><div id=\"section-gma389c9\" class=\"section-gma389c9 gutentor-single-col\">\n<div id=\"section-g171522\" class=\"wp-block-gutentor-e6 section-g171522 gutentor-element gutentor-element-image\"><div class=\"gutentor-element-image-box\"><div class=\"gutentor-image-thumb\"><img decoding=\"async\" class=\"normal-image\" src=\"http:\/\/inmography.com\/wp-content\/uploads\/2022\/07\/FOTO-1-of-22.jpg\" alt=\"Fotograf\u00eda inmobiliaria fot\u00f3grafo inmuebles Quer\u00e9taro recorrido tour virtual Quer\u00e9taro\" srcset=\"http:\/\/inmography.com\/wp-content\/uploads\/2022\/07\/FOTO-1-of-22.jpg 2x\"\/><\/div><\/div><\/div>\n\n\n\n<div id=\"section-g3ee941\" class=\"wp-block-gutentor-e2 section-g3ee941 gutentor-element gutentor-element-button button-align-center-desktop\"><span class=\"gutentor-button-wrap\"><a class=\"gutentor-button gutentor-block-button gutentor-icon-hide\" href=\"https:\/\/inmography.viewin360.co\/share\/collection\/7v9SF?logo=1&amp;card=1&amp;info=0&amp;logosize=200&amp;fs=1&amp;vr=0&amp;zoom=1&amp;gyro=0&amp;initload=0&amp;thumbs=2&amp;margin=23&amp;alpha=0.88&amp;inst=0&amp;keys=0\" target=\"_blank\" rel=\"noopener noreferrer\"><i class=\"gutentor-button-icon fas fa-book\"><\/i><span><strong>Ver Recorrido Virtual<\/strong><\/span><\/a><\/span><\/div>\n<\/div><\/div>\n<\/div><\/div><\/section>\n\n\n<div class=\"frm_forms  with_frm_style frm_style_formidable-style\" id=\"frm_form_1_container\" >\n<form enctype=\"multipart\/form-data\" method=\"post\" class=\"frm-show-form \" id=\"form_contact-form\" >\n<div class=\"frm_form_fields \">\n<fieldset>\n<legend class=\"frm_screen_reader\">Inmography<\/legend>\r\n<h3 class=\"frm_form_title\">Inmography<\/h3>\r\n<div class=\"frm_description\"><p>Llena el formulario y a la brevedad nos pondremos en contacto<\/p>\n<\/div><div class=\"frm_fields_container\">\n<input type=\"hidden\" name=\"frm_action\" value=\"create\" \/>\n<input type=\"hidden\" name=\"form_id\" value=\"1\" \/>\n<input type=\"hidden\" name=\"frm_hide_fields_1\" id=\"frm_hide_fields_1\" value=\"\" \/>\n<input type=\"hidden\" name=\"form_key\" value=\"contact-form\" \/>\n<input type=\"hidden\" name=\"item_meta[0]\" value=\"\" \/>\n<input type=\"hidden\" id=\"frm_submit_entry_1\" name=\"frm_submit_entry_1\" value=\"032f91b987\" \/><input type=\"hidden\" name=\"_wp_http_referer\" value=\"\/index.php?rest_route=%2Fwp%2Fv2%2Fpages%2F1229\" \/><div id=\"frm_field_1_container\" class=\"frm_form_field form-field  frm_required_field frm_top_container frm_first frm_half\">\r\n    <label for=\"field_qh4icy\" id=\"field_qh4icy_label\" class=\"frm_primary_label\">Nombre\r\n        <span class=\"frm_required\" aria-hidden=\"true\">*<\/span>\r\n    <\/label>\r\n    <input type=\"text\" id=\"field_qh4icy\" name=\"item_meta[1]\" value=\"\"  data-reqmsg=\"Nombre cannot be blank.\" aria-required=\"true\" data-invmsg=\"Name is invalid\" aria-invalid=\"false\"   aria-describedby=\"frm_desc_field_qh4icy\"\/>\r\n    <div class=\"frm_description\" id=\"frm_desc_field_qh4icy\">First<\/div>\r\n    \r\n<\/div>\n<div id=\"frm_field_2_container\" class=\"frm_form_field form-field  frm_required_field frm_hidden_container frm_half\">\r\n    <label for=\"field_ocfup1\" id=\"field_ocfup1_label\" class=\"frm_primary_label\">Apellido\r\n        <span class=\"frm_required\" aria-hidden=\"true\">*<\/span>\r\n    <\/label>\r\n    <input type=\"text\" id=\"field_ocfup1\" name=\"item_meta[2]\" value=\"\"  data-reqmsg=\"Apellido cannot be blank.\" aria-required=\"true\" data-invmsg=\"Last is invalid\" aria-invalid=\"false\"   aria-describedby=\"frm_desc_field_ocfup1\"\/>\r\n    <div class=\"frm_description\" id=\"frm_desc_field_ocfup1\">Last<\/div>\r\n    \r\n<\/div>\n<div id=\"frm_field_3_container\" class=\"frm_form_field form-field  frm_required_field frm_top_container frm_full\">\r\n    <label for=\"field_29yf4d\" id=\"field_29yf4d_label\" class=\"frm_primary_label\">Email\r\n        <span class=\"frm_required\" aria-hidden=\"true\">*<\/span>\r\n    <\/label>\r\n    <input type=\"email\" id=\"field_29yf4d\" name=\"item_meta[3]\" value=\"\"  data-reqmsg=\"Email cannot be blank.\" aria-required=\"true\" data-invmsg=\"Please enter a valid email address\" aria-invalid=\"false\"  \/>\r\n    \r\n    \r\n<\/div>\n<div id=\"frm_field_6_container\" class=\"frm_form_field form-field  frm_required_field frm_top_container\">\r\n    <label for=\"field_ufd1t\" id=\"field_ufd1t_label\" class=\"frm_primary_label\">WhatsApp\r\n        <span class=\"frm_required\" aria-hidden=\"true\">*<\/span>\r\n    <\/label>\r\n    <input type=\"tel\" id=\"field_ufd1t\" name=\"item_meta[6]\" value=\"\"  data-reqmsg=\"WhatsApp cannot be blank.\" aria-required=\"true\" data-invmsg=\"Phone is invalid\" aria-invalid=\"false\" pattern=\"((\\+\\d{1,3}(-|.| )?\\(?\\d\\)?(-| |.)?\\d{1,5})|(\\(?\\d{2,6}\\)?))(-|.| )?(\\d{3,4})(-|.| )?(\\d{4})(( x| ext)\\d{1,5}){0,1}$\"  \/>\r\n    \r\n    \r\n<\/div>\n<div id=\"frm_field_7_container\" class=\"frm_form_field form-field  frm_required_field frm_top_container vertical_radio\">\r\n    <div  id=\"field_yu5bl_label\" class=\"frm_primary_label\">Servicios requeridos\r\n        <span class=\"frm_required\" aria-hidden=\"true\">*<\/span>\r\n    <\/div>\r\n    <div class=\"frm_opt_container\" aria-labelledby=\"field_yu5bl_label\" role=\"radiogroup\" aria-required=\"true\">\t\t<div class=\"frm_radio\" id=\"frm_radio_7-0\">\t\t\t<label  for=\"field_yu5bl-0\">\n\t\t\t\t\t<input type=\"radio\" name=\"item_meta[7]\" id=\"field_yu5bl-0\" value=\"Fotograf\u00eda inmuebles\/establecimientos\"\n\t\t   data-reqmsg=\"Servicios requeridos cannot be blank.\" data-invmsg=\"Servicios requeridos is invalid\"  \/> Fotograf\u00eda inmuebles\/establecimientos<\/label><\/div>\n\t\t<div class=\"frm_radio\" id=\"frm_radio_7-1\">\t\t\t<label  for=\"field_yu5bl-1\">\n\t\t\t\t\t<input type=\"radio\" name=\"item_meta[7]\" id=\"field_yu5bl-1\" value=\"Recorridos Virtuales\"\n\t\t   data-reqmsg=\"Servicios requeridos cannot be blank.\" data-invmsg=\"Servicios requeridos is invalid\"  \/> Recorridos Virtuales<\/label><\/div>\n\t\t<div class=\"frm_radio\" id=\"frm_radio_7-2\">\t\t\t<label  for=\"field_yu5bl-2\">\n\t\t\t\t\t<input type=\"radio\" name=\"item_meta[7]\" id=\"field_yu5bl-2\" value=\"Fotograf\u00eda de productos\/alimentos\"\n\t\t   data-reqmsg=\"Servicios requeridos cannot be blank.\" data-invmsg=\"Servicios requeridos is invalid\"  \/> Fotograf\u00eda de productos\/alimentos<\/label><\/div>\n\t\t<div class=\"frm_radio\" id=\"frm_radio_7-3\">\t\t\t<label  for=\"field_yu5bl-3\">\n\t\t\t\t\t<input type=\"radio\" name=\"item_meta[7]\" id=\"field_yu5bl-3\" value=\"Otro\"\n\t\t   data-reqmsg=\"Servicios requeridos cannot be blank.\" data-invmsg=\"Servicios requeridos is invalid\"  \/> Otro<\/label><\/div>\n<\/div>\r\n    \r\n    \r\n<\/div>\n\t<input type=\"hidden\" name=\"item_key\" value=\"\" \/>\n\t\t\t<div id=\"frm_field_8_container\">\n\t\t\t<label for=\"field_agrgx\" >\n\t\t\t\tIf you are human, leave this field blank.\t\t\t<\/label>\n\t\t\t<input  id=\"field_agrgx\" type=\"text\" class=\"frm_form_field form-field frm_verify\" name=\"item_meta[8]\" value=\"\"  \/>\n\t\t<\/div>\n\t\t<input name=\"frm_state\" type=\"hidden\" value=\"xrK4gN2Vec2A2E2OlLfyZ7Haq4s8+iS0Eh3L\/zvGzY8=\" \/><div class=\"frm_submit\">\r\n\r\n<button class=\"frm_button_submit\" type=\"submit\"  >Enviar<\/button>\r\n\r\n<\/div><\/div>\n<\/fieldset>\n<\/div>\n\n<\/form>\n<\/div>\n\n","protected":false},"excerpt":{"rendered":"","protected":false},"author":1,"featured_media":1264,"parent":0,"menu_order":0,"comment_status":"closed","ping_status":"closed","template":"template-gutentor-full-width.php","meta":{"site-sidebar-layout":"default","site-content-layout":"","ast-site-content-layout":"default","site-content-style":"default","site-sidebar-style":"default","ast-global-header-display":"","ast-banner-title-visibility":"","ast-main-header-display":"","ast-hfb-above-header-display":"","ast-hfb-below-header-display":"","ast-hfb-mobile-header-display":"","site-post-title":"disabled","ast-breadcrumbs-content":"","ast-featured-img":"disabled","footer-sml-layout":"","ast-disable-related-posts":"","theme-transparent-header-meta":"","adv-header-id-meta":"","stick-header-meta":"","header-above-stick-meta":"","header-main-stick-meta":"","header-below-stick-meta":"","astra-migrate-meta-layouts":"default","ast-page-background-enabled":"default","ast-page-background-meta":{"desktop":{"background-color":"","background-image":"","background-repeat":"repeat","background-position":"center center","background-size":"auto","background-attachment":"scroll","background-type":"","background-media":"","overlay-type":"","overlay-color":"","overlay-opacity":"","overlay-gradient":""},"tablet":{"background-color":"","background-image":"","background-repeat":"repeat","background-position":"center center","background-size":"auto","background-attachment":"scroll","background-type":"","background-media":"","overlay-type":"","overlay-color":"","overlay-opacity":"","overlay-gradient":""},"mobile":{"background-color":"","background-image":"","background-repeat":"repeat","background-position":"center center","background-size":"auto","background-attachment":"scroll","background-type":"","background-media":"","overlay-type":"","overlay-color":"","overlay-opacity":"","overlay-gradient":""}},"ast-content-background-meta":{"desktop":{"background-color":"var(--ast-global-color-5)","background-image":"","background-repeat":"repeat","background-position":"center center","background-size":"auto","background-attachment":"scroll","background-type":"","background-media":"","overlay-type":"","overlay-color":"","overlay-opacity":"","overlay-gradient":""},"tablet":{"background-color":"var(--ast-global-color-5)","background-image":"","background-repeat":"repeat","background-position":"center center","background-size":"auto","background-attachment":"scroll","background-type":"","background-media":"","overlay-type":"","overlay-color":"","overlay-opacity":"","overlay-gradient":""},"mobile":{"background-color":"var(--ast-global-color-5)","background-image":"","background-repeat":"repeat","background-position":"center center","background-size":"auto","background-attachment":"scroll","background-type":"","background-media":"","overlay-type":"","overlay-color":"","overlay-opacity":"","overlay-gradient":""}},"footnotes":""},"class_list":["post-1229","page","type-page","status-publish","has-post-thumbnail","hentry"],"_links":{"self":[{"href":"https:\/\/inmography.com\/index.php?rest_route=\/wp\/v2\/pages\/1229","targetHints":{"allow":["GET"]}}],"collection":[{"href":"https:\/\/inmography.com\/index.php?rest_route=\/wp\/v2\/pages"}],"about":[{"href":"https:\/\/inmography.com\/index.php?rest_route=\/wp\/v2\/types\/page"}],"author":[{"embeddable":true,"href":"https:\/\/inmography.com\/index.php?rest_route=\/wp\/v2\/users\/1"}],"replies":[{"embeddable":true,"href":"https:\/\/inmography.com\/index.php?rest_route=%2Fwp%2Fv2%2Fcomments&post=1229"}],"version-history":[{"count":22,"href":"https:\/\/inmography.com\/index.php?rest_route=\/wp\/v2\/pages\/1229\/revisions"}],"predecessor-version":[{"id":1275,"href":"https:\/\/inmography.com\/index.php?rest_route=\/wp\/v2\/pages\/1229\/revisions\/1275"}],"wp:featuredmedia":[{"embeddable":true,"href":"https:\/\/inmography.com\/index.php?rest_route=\/wp\/v2\/media\/1264"}],"wp:attachment":[{"href":"https:\/\/inmography.com\/index.php?rest_route=%2Fwp%2Fv2%2Fmedia&parent=1229"}],"curies":[{"name":"wp","href":"https:\/\/api.w.org\/{rel}","templated":true}]}}